{"id":944,"date":"2023-12-29T16:16:08","date_gmt":"2023-12-29T19:16:08","guid":{"rendered":"https:\/\/fivmarilia.com.br\/?page_id=944"},"modified":"2024-06-21T13:26:32","modified_gmt":"2024-06-21T16:26:32","slug":"trat-programa-ovodoacao","status":"publish","type":"page","link":"https:\/\/fivmarilia.com.br\/?page_id=944","title":{"rendered":"Trat. Programa Ovodoa\u00e7\u00e3o"},"content":{"rendered":"\t\t<div data-elementor-type=\"wp-page\" data-elementor-id=\"944\" class=\"elementor elementor-944\">\n\t\t\t\t\t\t\t\t\t<section class=\"elementor-section elementor-top-section elementor-element elementor-element-600776ec elementor-section-boxed elementor-section-height-default elementor-section-height-default\" data-id=\"600776ec\" data-element_type=\"section\">\n\t\t\t\t\t\t<div class=\"elementor-container elementor-column-gap-default\">\n\t\t\t\t\t<div class=\"elementor-column elementor-col-100 elementor-top-column elementor-element elementor-element-721d9652\" data-id=\"721d9652\" data-element_type=\"column\">\n\t\t\t<div class=\"elementor-widget-wrap elementor-element-populated\">\n\t\t\t\t\t\t\t\t<div class=\"elementor-element elementor-element-1ef25572 elementor-widget elementor-widget-text-editor\" data-id=\"1ef25572\" data-element_type=\"widget\" data-widget_type=\"text-editor.default\">\n\t\t\t\t<div class=\"elementor-widget-container\">\n\t\t\t<style>\/*! elementor - v3.18.0 - 08-12-2023 *\/\n.elementor-widget-text-editor.elementor-drop-cap-view-stacked .elementor-drop-cap{background-color:#69727d;color:#fff}.elementor-widget-text-editor.elementor-drop-cap-view-framed .elementor-drop-cap{color:#69727d;border:3px solid;background-color:transparent}.elementor-widget-text-editor:not(.elementor-drop-cap-view-default) .elementor-drop-cap{margin-top:8px}.elementor-widget-text-editor:not(.elementor-drop-cap-view-default) .elementor-drop-cap-letter{width:1em;height:1em}.elementor-widget-text-editor .elementor-drop-cap{float:left;text-align:center;line-height:1;font-size:50px}.elementor-widget-text-editor .elementor-drop-cap-letter{display:inline-block}<\/style>\t\t\t\t<!-- wp:image {\"id\":227,\"sizeSlug\":\"full\",\"linkDestination\":\"none\"} -->\n<figure class=\"wp-block-image size-full\"><img fetchpriority=\"high\" decoding=\"async\" width=\"600\" height=\"100\" class=\"wp-image-227\" src=\"https:\/\/fivmarilia.com.br\/wp-content\/uploads\/2023\/04\/TRATAMENTO.png\" alt=\"\" srcset=\"https:\/\/fivmarilia.com.br\/wp-content\/uploads\/2023\/04\/TRATAMENTO.png 600w, https:\/\/fivmarilia.com.br\/wp-content\/uploads\/2023\/04\/TRATAMENTO-300x50.png 300w\" sizes=\"(max-width: 600px) 100vw, 600px\" \/><\/figure>\n<!-- \/wp:image --><!-- wp:image {\"id\":884,\"sizeSlug\":\"full\",\"linkDestination\":\"none\"} -->\n<figure class=\"wp-block-image size-full\"><img decoding=\"async\" width=\"300\" height=\"160\" class=\"wp-image-884\" src=\"https:\/\/fivmarilia.com.br\/wp-content\/uploads\/2023\/12\/PROGRAMA-DE-OVODOACAO.png\" alt=\"\" \/><\/figure>\n<!-- \/wp:image --><!-- \/wp:columns -->\t\t\t\t\t\t<\/div>\n\t\t\t\t<\/div>\n\t\t\t\t\t<\/div>\n\t\t<\/div>\n\t\t\t\t\t\t\t<\/div>\n\t\t<\/section>\n\t\t\t\t<section class=\"elementor-section elementor-top-section elementor-element elementor-element-b185203 elementor-section-boxed elementor-section-height-default elementor-section-height-default\" data-id=\"b185203\" data-element_type=\"section\">\n\t\t\t\t\t\t<div class=\"elementor-container elementor-column-gap-default\">\n\t\t\t\t\t<div class=\"elementor-column elementor-col-100 elementor-top-column elementor-element elementor-element-7124d24\" data-id=\"7124d24\" data-element_type=\"column\">\n\t\t\t<div class=\"elementor-widget-wrap elementor-element-populated\">\n\t\t\t\t\t\t\t\t<div class=\"elementor-element elementor-element-de3f047 elementor-widget elementor-widget-video\" data-id=\"de3f047\" data-element_type=\"widget\" data-settings=\"{&quot;youtube_url&quot;:&quot;https:\\\/\\\/youtu.be\\\/_lFx1nXZdyg?si=kRmV5YGQ0jxTzGYP&quot;,&quot;video_type&quot;:&quot;youtube&quot;,&quot;controls&quot;:&quot;yes&quot;}\" data-widget_type=\"video.default\">\n\t\t\t\t<div class=\"elementor-widget-container\">\n\t\t\t<style>\/*! elementor - v3.18.0 - 08-12-2023 *\/\n.elementor-widget-video .elementor-widget-container{overflow:hidden;transform:translateZ(0)}.elementor-widget-video .elementor-wrapper{aspect-ratio:var(--video-aspect-ratio)}.elementor-widget-video .elementor-wrapper iframe,.elementor-widget-video .elementor-wrapper video{height:100%;width:100%;display:flex;border:none;background-color:#000}@supports not (aspect-ratio:1\/1){.elementor-widget-video .elementor-wrapper{position:relative;overflow:hidden;height:0;padding-bottom:calc(100% \/ var(--video-aspect-ratio))}.elementor-widget-video .elementor-wrapper iframe,.elementor-widget-video .elementor-wrapper video{position:absolute;top:0;right:0;bottom:0;left:0}}.elementor-widget-video .elementor-open-inline .elementor-custom-embed-image-overlay{position:absolute;top:0;right:0;bottom:0;left:0;background-size:cover;background-position:50%}.elementor-widget-video .elementor-custom-embed-image-overlay{cursor:pointer;text-align:center}.elementor-widget-video .elementor-custom-embed-image-overlay:hover .elementor-custom-embed-play i{opacity:1}.elementor-widget-video .elementor-custom-embed-image-overlay img{display:block;width:100%;aspect-ratio:var(--video-aspect-ratio);-o-object-fit:cover;object-fit:cover;-o-object-position:center center;object-position:center center}@supports not (aspect-ratio:1\/1){.elementor-widget-video .elementor-custom-embed-image-overlay{position:relative;overflow:hidden;height:0;padding-bottom:calc(100% \/ var(--video-aspect-ratio))}.elementor-widget-video .elementor-custom-embed-image-overlay img{position:absolute;top:0;right:0;bottom:0;left:0}}.elementor-widget-video .e-hosted-video .elementor-video{-o-object-fit:cover;object-fit:cover}.e-con-inner>.elementor-widget-video,.e-con>.elementor-widget-video{width:var(--container-widget-width);--flex-grow:var(--container-widget-flex-grow)}<\/style>\t\t<div class=\"elementor-wrapper elementor-open-inline\">\n\t\t\t<div class=\"elementor-video\"><\/div>\t\t<\/div>\n\t\t\t\t<\/div>\n\t\t\t\t<\/div>\n\t\t\t\t\t<\/div>\n\t\t<\/div>\n\t\t\t\t\t\t\t<\/div>\n\t\t<\/section>\n\t\t\t\t<section class=\"elementor-section elementor-top-section elementor-element elementor-element-64876df elementor-section-boxed elementor-section-height-default elementor-section-height-default\" data-id=\"64876df\" data-element_type=\"section\">\n\t\t\t\t\t\t<div class=\"elementor-container elementor-column-gap-default\">\n\t\t\t\t\t<div class=\"elementor-column elementor-col-100 elementor-top-column elementor-element elementor-element-72c7691\" data-id=\"72c7691\" data-element_type=\"column\">\n\t\t\t<div class=\"elementor-widget-wrap elementor-element-populated\">\n\t\t\t\t\t\t\t\t<div class=\"elementor-element elementor-element-92835bb elementor-widget elementor-widget-text-editor\" data-id=\"92835bb\" data-element_type=\"widget\" data-widget_type=\"text-editor.default\">\n\t\t\t\t<div class=\"elementor-widget-container\">\n\t\t\t\t\t\t\t<p align=\"JUSTIFY\"><span style=\"font-size: medium;\">O tratamento de reprodu\u00e7\u00e3o humana com a doa\u00e7\u00e3o de \u00f3vulos \u00e9 o processo no qual uma mulher recebe \u00f3vulos de uma doadora para poder realizar o desejo da maternidade.<\/span><\/p>\n<p align=\"JUSTIFY\"><span style=\"font-size: medium;\">A doa\u00e7\u00e3o de \u00f3vulos pode ser feita de duas formas: volunt\u00e1ria ou compartilhada. <\/span><\/p>\n<p align=\"JUSTIFY\"><span style=\"font-size: medium;\">A ovodoa\u00e7\u00e3o volunt\u00e1ria \u00e9 um gesto altru\u00edsta, portanto n\u00e3o envolve nenhum tipo de troca ou recompensa. A doadora passa por uma s\u00e9rie de exames, incluindo avalia\u00e7\u00e3o da hist\u00f3ria cl\u00ednica, estudo gen\u00e9tico, testes de reserva ovariana, sorologias e avalia\u00e7\u00e3o psicol\u00f3gica. Importante acentuar que, de acordo com as normas do Conselho Federal de Medicina (CFM), a doa\u00e7\u00e3o de gametas e embri\u00f5es n\u00e3o pode ser remunerada no Brasil.<\/span><\/p>\n<p align=\"JUSTIFY\"><span style=\"font-size: medium;\">Na ovodoa\u00e7\u00e3o compartilhada, tanto a doadora quanto a receptora dos \u00f3vulos est\u00e3o em tratamento de reprodu\u00e7\u00e3o assistida, mas por fatores distintos de infertilidade. Dessa forma, elas fazem uma troca, ou melhor, o compartilhamento dos o\u00f3citos e dos custos do tratamento. Enquanto a doadora passa por estimula\u00e7\u00e3o ovariana, a receptora come\u00e7a a prepara\u00e7\u00e3o endometrial, a fim de deixar o \u00fatero em condi\u00e7\u00f5es favor\u00e1veis para receber os embri\u00f5es.<\/span><\/p>\n<p align=\"JUSTIFY\"><span style=\"font-size: medium;\">Assim, a doa\u00e7\u00e3o de \u00f3vulos permite que essas mulheres sejam m\u00e3es, que de forma natural n\u00e3o seria poss\u00edvel.<\/span><\/p>\t\t\t\t\t\t<\/div>\n\t\t\t\t<\/div>\n\t\t\t\t\t<\/div>\n\t\t<\/div>\n\t\t\t\t\t\t\t<\/div>\n\t\t<\/section>\n\t\t\t\t<section class=\"elementor-section elementor-top-section elementor-element elementor-element-29b3c10 elementor-section-boxed elementor-section-height-default elementor-section-height-default\" data-id=\"29b3c10\" data-element_type=\"section\">\n\t\t\t\t\t\t<div class=\"elementor-container elementor-column-gap-default\">\n\t\t\t\t\t<div class=\"elementor-column elementor-col-100 elementor-top-column elementor-element elementor-element-e8bd6ca\" data-id=\"e8bd6ca\" data-element_type=\"column\">\n\t\t\t<div class=\"elementor-widget-wrap elementor-element-populated\">\n\t\t\t\t\t\t\t\t<div class=\"elementor-element elementor-element-c9f72f4 elementor-align-center elementor-widget elementor-widget-button\" data-id=\"c9f72f4\" data-element_type=\"widget\" data-widget_type=\"button.default\">\n\t\t\t\t<div class=\"elementor-widget-container\">\n\t\t\t\t\t<div class=\"elementor-button-wrapper\">\n\t\t\t<a class=\"elementor-button elementor-button-link elementor-size-sm\" href=\"http:\/\/fivmarilia.com.br\/?page_id=103\">\n\t\t\t\t\t\t<span class=\"elementor-button-content-wrapper\">\n\t\t\t\t\t\t<span class=\"elementor-button-text\">\u2022 Voltar para os Tratamentos<\/span>\n\t\t<\/span>\n\t\t\t\t\t<\/a>\n\t\t<\/div>\n\t\t\t\t<\/div>\n\t\t\t\t<\/div>\n\t\t\t\t\t<\/div>\n\t\t<\/div>\n\t\t\t\t\t\t\t<\/div>\n\t\t<\/section>\n\t\t\t\t\t\t\t<\/div>\n\t\t","protected":false},"excerpt":{"rendered":"<p>https:\/\/youtu.be\/_lFx1nXZdyg?si=kRmV5YGQ0jxTzGYP O tratamento de reprodu\u00e7\u00e3o humana com a doa\u00e7\u00e3o de \u00f3vulos \u00e9 o processo no qual uma mulher recebe \u00f3vulos de uma doadora para poder realizar o desejo da maternidade. A doa\u00e7\u00e3o de \u00f3vulos pode ser feita de duas formas: volunt\u00e1ria ou compartilhada. A ovodoa\u00e7\u00e3o volunt\u00e1ria \u00e9 um gesto altru\u00edsta, portanto n\u00e3o envolve nenhum tipo<\/p>\n","protected":false},"author":2,"featured_media":0,"parent":0,"menu_order":0,"comment_status":"closed","ping_status":"closed","template":"","meta":{"_joinchat":[],"footnotes":""},"class_list":["post-944","page","type-page","status-publish","hentry"],"_links":{"self":[{"href":"https:\/\/fivmarilia.com.br\/index.php?rest_route=\/wp\/v2\/pages\/944","targetHints":{"allow":["GET"]}}],"collection":[{"href":"https:\/\/fivmarilia.com.br\/index.php?rest_route=\/wp\/v2\/pages"}],"about":[{"href":"https:\/\/fivmarilia.com.br\/index.php?rest_route=\/wp\/v2\/types\/page"}],"author":[{"embeddable":true,"href":"https:\/\/fivmarilia.com.br\/index.php?rest_route=\/wp\/v2\/users\/2"}],"replies":[{"embeddable":true,"href":"https:\/\/fivmarilia.com.br\/index.php?rest_route=%2Fwp%2Fv2%2Fcomments&post=944"}],"version-history":[{"count":7,"href":"https:\/\/fivmarilia.com.br\/index.php?rest_route=\/wp\/v2\/pages\/944\/revisions"}],"predecessor-version":[{"id":1157,"href":"https:\/\/fivmarilia.com.br\/index.php?rest_route=\/wp\/v2\/pages\/944\/revisions\/1157"}],"wp:attachment":[{"href":"https:\/\/fivmarilia.com.br\/index.php?rest_route=%2Fwp%2Fv2%2Fmedia&parent=944"}],"curies":[{"name":"wp","href":"https:\/\/api.w.org\/{rel}","templated":true}]}}