{"id":877,"date":"2023-11-30T18:41:57","date_gmt":"2023-11-30T21:41:57","guid":{"rendered":"https:\/\/fivmarilia.com.br\/?page_id=877"},"modified":"2024-06-21T13:28:02","modified_gmt":"2024-06-21T16:28:02","slug":"extracao-cirurgica-de-espermatozoide","status":"publish","type":"page","link":"https:\/\/fivmarilia.com.br\/?page_id=877","title":{"rendered":"Trat. Extra\u00e7\u00e3o Cir\u00fargica de Espermatozoide"},"content":{"rendered":"\t\t<div data-elementor-type=\"wp-page\" data-elementor-id=\"877\" class=\"elementor elementor-877\">\n\t\t\t\t\t\t\t\t\t<section class=\"elementor-section elementor-top-section elementor-element elementor-element-70c7ddfe elementor-section-boxed elementor-section-height-default elementor-section-height-default\" data-id=\"70c7ddfe\" data-element_type=\"section\">\n\t\t\t\t\t\t<div class=\"elementor-container elementor-column-gap-default\">\n\t\t\t\t\t<div class=\"elementor-column elementor-col-100 elementor-top-column elementor-element elementor-element-5c080009\" data-id=\"5c080009\" data-element_type=\"column\">\n\t\t\t<div class=\"elementor-widget-wrap elementor-element-populated\">\n\t\t\t\t\t\t\t\t<div class=\"elementor-element elementor-element-1c7c65f2 elementor-widget elementor-widget-text-editor\" data-id=\"1c7c65f2\" data-element_type=\"widget\" data-widget_type=\"text-editor.default\">\n\t\t\t\t<div class=\"elementor-widget-container\">\n\t\t\t<style>\/*! elementor - v3.18.0 - 08-12-2023 *\/\n.elementor-widget-text-editor.elementor-drop-cap-view-stacked .elementor-drop-cap{background-color:#69727d;color:#fff}.elementor-widget-text-editor.elementor-drop-cap-view-framed .elementor-drop-cap{color:#69727d;border:3px solid;background-color:transparent}.elementor-widget-text-editor:not(.elementor-drop-cap-view-default) .elementor-drop-cap{margin-top:8px}.elementor-widget-text-editor:not(.elementor-drop-cap-view-default) .elementor-drop-cap-letter{width:1em;height:1em}.elementor-widget-text-editor .elementor-drop-cap{float:left;text-align:center;line-height:1;font-size:50px}.elementor-widget-text-editor .elementor-drop-cap-letter{display:inline-block}<\/style>\t\t\t\t<!-- wp:image {\"id\":227,\"sizeSlug\":\"full\",\"linkDestination\":\"none\"} -->\n<figure class=\"wp-block-image size-full\"><img fetchpriority=\"high\" decoding=\"async\" width=\"600\" height=\"100\" class=\"wp-image-227\" src=\"https:\/\/fivmarilia.com.br\/wp-content\/uploads\/2023\/04\/TRATAMENTO.png\" alt=\"\" srcset=\"https:\/\/fivmarilia.com.br\/wp-content\/uploads\/2023\/04\/TRATAMENTO.png 600w, https:\/\/fivmarilia.com.br\/wp-content\/uploads\/2023\/04\/TRATAMENTO-300x50.png 300w\" sizes=\"(max-width: 600px) 100vw, 600px\" \/><\/figure>\n<!-- \/wp:image --><!-- wp:image {\"id\":849,\"sizeSlug\":\"full\",\"linkDestination\":\"none\"} -->\n<figure class=\"wp-block-image size-full\"><img decoding=\"async\" width=\"300\" height=\"160\" class=\"wp-image-849\" src=\"https:\/\/fivmarilia.com.br\/wp-content\/uploads\/2023\/11\/7-EXTRACAO-DE-ESPERMATOSOIDES.png\" alt=\"\" \/><\/figure>\n<!-- \/wp:image --><!-- \/wp:buttons -->\t\t\t\t\t\t<\/div>\n\t\t\t\t<\/div>\n\t\t\t\t\t<\/div>\n\t\t<\/div>\n\t\t\t\t\t\t\t<\/div>\n\t\t<\/section>\n\t\t\t\t<section class=\"elementor-section elementor-top-section elementor-element elementor-element-a51af51 elementor-section-boxed elementor-section-height-default elementor-section-height-default\" data-id=\"a51af51\" data-element_type=\"section\">\n\t\t\t\t\t\t<div class=\"elementor-container elementor-column-gap-default\">\n\t\t\t\t\t<div class=\"elementor-column elementor-col-100 elementor-top-column elementor-element elementor-element-019ed61\" data-id=\"019ed61\" data-element_type=\"column\">\n\t\t\t<div class=\"elementor-widget-wrap elementor-element-populated\">\n\t\t\t\t\t\t\t\t<div class=\"elementor-element elementor-element-399a466 elementor-widget elementor-widget-video\" data-id=\"399a466\" data-element_type=\"widget\" data-settings=\"{&quot;youtube_url&quot;:&quot;https:\\\/\\\/youtu.be\\\/uNztwD9EdVk?si=xp9YZQ3rlZoIdDMI&quot;,&quot;video_type&quot;:&quot;youtube&quot;,&quot;controls&quot;:&quot;yes&quot;}\" data-widget_type=\"video.default\">\n\t\t\t\t<div class=\"elementor-widget-container\">\n\t\t\t<style>\/*! elementor - v3.18.0 - 08-12-2023 *\/\n.elementor-widget-video .elementor-widget-container{overflow:hidden;transform:translateZ(0)}.elementor-widget-video .elementor-wrapper{aspect-ratio:var(--video-aspect-ratio)}.elementor-widget-video .elementor-wrapper iframe,.elementor-widget-video .elementor-wrapper video{height:100%;width:100%;display:flex;border:none;background-color:#000}@supports not (aspect-ratio:1\/1){.elementor-widget-video .elementor-wrapper{position:relative;overflow:hidden;height:0;padding-bottom:calc(100% \/ var(--video-aspect-ratio))}.elementor-widget-video .elementor-wrapper iframe,.elementor-widget-video .elementor-wrapper video{position:absolute;top:0;right:0;bottom:0;left:0}}.elementor-widget-video .elementor-open-inline .elementor-custom-embed-image-overlay{position:absolute;top:0;right:0;bottom:0;left:0;background-size:cover;background-position:50%}.elementor-widget-video .elementor-custom-embed-image-overlay{cursor:pointer;text-align:center}.elementor-widget-video .elementor-custom-embed-image-overlay:hover .elementor-custom-embed-play i{opacity:1}.elementor-widget-video .elementor-custom-embed-image-overlay img{display:block;width:100%;aspect-ratio:var(--video-aspect-ratio);-o-object-fit:cover;object-fit:cover;-o-object-position:center center;object-position:center center}@supports not (aspect-ratio:1\/1){.elementor-widget-video .elementor-custom-embed-image-overlay{position:relative;overflow:hidden;height:0;padding-bottom:calc(100% \/ var(--video-aspect-ratio))}.elementor-widget-video .elementor-custom-embed-image-overlay img{position:absolute;top:0;right:0;bottom:0;left:0}}.elementor-widget-video .e-hosted-video .elementor-video{-o-object-fit:cover;object-fit:cover}.e-con-inner>.elementor-widget-video,.e-con>.elementor-widget-video{width:var(--container-widget-width);--flex-grow:var(--container-widget-flex-grow)}<\/style>\t\t<div class=\"elementor-wrapper elementor-open-inline\">\n\t\t\t<div class=\"elementor-video\"><\/div>\t\t<\/div>\n\t\t\t\t<\/div>\n\t\t\t\t<\/div>\n\t\t\t\t\t<\/div>\n\t\t<\/div>\n\t\t\t\t\t\t\t<\/div>\n\t\t<\/section>\n\t\t\t\t<section class=\"elementor-section elementor-top-section elementor-element elementor-element-28ed4cb elementor-section-boxed elementor-section-height-default elementor-section-height-default\" data-id=\"28ed4cb\" data-element_type=\"section\">\n\t\t\t\t\t\t<div class=\"elementor-container elementor-column-gap-default\">\n\t\t\t\t\t<div class=\"elementor-column elementor-col-100 elementor-top-column elementor-element elementor-element-9dc7327\" data-id=\"9dc7327\" data-element_type=\"column\">\n\t\t\t<div class=\"elementor-widget-wrap elementor-element-populated\">\n\t\t\t\t\t\t\t\t<div class=\"elementor-element elementor-element-6f44a93 elementor-widget elementor-widget-text-editor\" data-id=\"6f44a93\" data-element_type=\"widget\" data-widget_type=\"text-editor.default\">\n\t\t\t\t<div class=\"elementor-widget-container\">\n\t\t\t\t\t\t\t<p><span style=\"font-size: medium;\">Em algumas situa\u00e7\u00f5es n\u00e3o \u00e9 poss\u00edvel encontrar espermatozoides no ejaculado, o que chamamos de AZOOSPERMIA. A azoospermia \u00e9 uma das principais causas de infertilidade masculina, sendo caracterizada pela aus\u00eancia de espermatozoides no s\u00eamen. Ela \u00e9 uma consequ\u00eancia de alguma doen\u00e7a ou condi\u00e7\u00e3o que afeta o transporte dos gametas masculinos. Apesar da altera\u00e7\u00e3o no s\u00eamen, a sua apar\u00eancia continua a mesma. Nesses casos, podemos recorrer aos procedimentos de extra\u00e7\u00e3o de espermatozoides diretamente no epid\u00eddimo (PESA) ou test\u00edculos (TESA).<\/span><\/p>\n<p><span style=\"font-size: medium;\">A Aspira\u00e7\u00e3o Percut\u00e2nea de Espermatozoide do Epid\u00eddimo (PESA) \u00e9 indicada para os casos de azoospermia obstrutiva e homens que fizeram vasectomia. Na PESA, os espermatozoides s\u00e3o coletados diretamente dos epid\u00eddimos. Para isso, uma agulha fina aspira uma amostra do fluido seminal, que \u00e9 analisado pelo laborat\u00f3rio para confirmar a presen\u00e7a de espermatozoides.<\/span><\/p>\n<p><span style=\"font-size: medium;\">A Extra\u00e7\u00e3o de Espermatozoides Testiculares (TESE) \u00e9 recomendada para homens diagnosticados com azoospermia n\u00e3o obstrutiva. Na TESE, os espermatozoides s\u00e3o coletados diretamente dos test\u00edculos.<\/span><\/p>\n<p><span style=\"font-size: medium;\">Em ambas as t\u00e9cnicas, o procedimento \u00e9 simples e pouco invasivo, sendo realizado na pr\u00f3pria cl\u00ednica de reprodu\u00e7\u00e3o assistida.<\/span><\/p>\t\t\t\t\t\t<\/div>\n\t\t\t\t<\/div>\n\t\t\t\t\t<\/div>\n\t\t<\/div>\n\t\t\t\t\t\t\t<\/div>\n\t\t<\/section>\n\t\t\t\t<section class=\"elementor-section elementor-top-section elementor-element elementor-element-3c88e01 elementor-section-boxed elementor-section-height-default elementor-section-height-default\" data-id=\"3c88e01\" data-element_type=\"section\">\n\t\t\t\t\t\t<div class=\"elementor-container elementor-column-gap-default\">\n\t\t\t\t\t<div class=\"elementor-column elementor-col-100 elementor-top-column elementor-element elementor-element-371a34a\" data-id=\"371a34a\" data-element_type=\"column\">\n\t\t\t<div class=\"elementor-widget-wrap elementor-element-populated\">\n\t\t\t\t\t\t\t\t<div class=\"elementor-element elementor-element-373d889 elementor-align-center elementor-widget elementor-widget-button\" data-id=\"373d889\" data-element_type=\"widget\" data-widget_type=\"button.default\">\n\t\t\t\t<div class=\"elementor-widget-container\">\n\t\t\t\t\t<div class=\"elementor-button-wrapper\">\n\t\t\t<a class=\"elementor-button elementor-button-link elementor-size-sm\" href=\"http:\/\/fivmarilia.com.br\/?page_id=103\">\n\t\t\t\t\t\t<span class=\"elementor-button-content-wrapper\">\n\t\t\t\t\t\t<span class=\"elementor-button-text\">\u2022 Voltar para os Tratamentos<\/span>\n\t\t<\/span>\n\t\t\t\t\t<\/a>\n\t\t<\/div>\n\t\t\t\t<\/div>\n\t\t\t\t<\/div>\n\t\t\t\t\t<\/div>\n\t\t<\/div>\n\t\t\t\t\t\t\t<\/div>\n\t\t<\/section>\n\t\t\t\t\t\t\t<\/div>\n\t\t","protected":false},"excerpt":{"rendered":"<p>https:\/\/youtu.be\/uNztwD9EdVk?si=xp9YZQ3rlZoIdDMI Em algumas situa\u00e7\u00f5es n\u00e3o \u00e9 poss\u00edvel encontrar espermatozoides no ejaculado, o que chamamos de AZOOSPERMIA. A azoospermia \u00e9 uma das principais causas de infertilidade masculina, sendo caracterizada pela aus\u00eancia de espermatozoides no s\u00eamen. Ela \u00e9 uma consequ\u00eancia de alguma doen\u00e7a ou condi\u00e7\u00e3o que afeta o transporte dos gametas masculinos. Apesar da altera\u00e7\u00e3o no s\u00eamen,<\/p>\n","protected":false},"author":1,"featured_media":0,"parent":0,"menu_order":0,"comment_status":"closed","ping_status":"closed","template":"","meta":{"_joinchat":[],"footnotes":""},"class_list":["post-877","page","type-page","status-publish","hentry"],"_links":{"self":[{"href":"https:\/\/fivmarilia.com.br\/index.php?rest_route=\/wp\/v2\/pages\/877","targetHints":{"allow":["GET"]}}],"collection":[{"href":"https:\/\/fivmarilia.com.br\/index.php?rest_route=\/wp\/v2\/pages"}],"about":[{"href":"https:\/\/fivmarilia.com.br\/index.php?rest_route=\/wp\/v2\/types\/page"}],"author":[{"embeddable":true,"href":"https:\/\/fivmarilia.com.br\/index.php?rest_route=\/wp\/v2\/users\/1"}],"replies":[{"embeddable":true,"href":"https:\/\/fivmarilia.com.br\/index.php?rest_route=%2Fwp%2Fv2%2Fcomments&post=877"}],"version-history":[{"count":10,"href":"https:\/\/fivmarilia.com.br\/index.php?rest_route=\/wp\/v2\/pages\/877\/revisions"}],"predecessor-version":[{"id":1158,"href":"https:\/\/fivmarilia.com.br\/index.php?rest_route=\/wp\/v2\/pages\/877\/revisions\/1158"}],"wp:attachment":[{"href":"https:\/\/fivmarilia.com.br\/index.php?rest_route=%2Fwp%2Fv2%2Fmedia&parent=877"}],"curies":[{"name":"wp","href":"https:\/\/api.w.org\/{rel}","templated":true}]}}