{"id":200,"date":"2023-04-11T21:14:38","date_gmt":"2023-04-12T00:14:38","guid":{"rendered":"http:\/\/fivmarilia.com.br\/?page_id=200"},"modified":"2025-07-15T11:12:38","modified_gmt":"2025-07-15T14:12:38","slug":"quem-somos","status":"publish","type":"page","link":"https:\/\/fivmarilia.com.br\/?page_id=200","title":{"rendered":"Quem Somos"},"content":{"rendered":"\t\t<div data-elementor-type=\"wp-page\" data-elementor-id=\"200\" class=\"elementor elementor-200\">\n\t\t\t\t\t\t\t\t\t<section class=\"elementor-section elementor-top-section elementor-element elementor-element-759b4f98 elementor-section-boxed elementor-section-height-default elementor-section-height-default\" data-id=\"759b4f98\" data-element_type=\"section\">\n\t\t\t\t\t\t<div class=\"elementor-container elementor-column-gap-default\">\n\t\t\t\t\t<div class=\"elementor-column elementor-col-100 elementor-top-column elementor-element elementor-element-6c1913bf\" data-id=\"6c1913bf\" data-element_type=\"column\">\n\t\t\t<div class=\"elementor-widget-wrap elementor-element-populated\">\n\t\t\t\t\t\t\t\t<div class=\"elementor-element elementor-element-1110778c elementor-widget elementor-widget-text-editor\" data-id=\"1110778c\" data-element_type=\"widget\" data-widget_type=\"text-editor.default\">\n\t\t\t\t<div class=\"elementor-widget-container\">\n\t\t\t<style>\/*! elementor - v3.18.0 - 08-12-2023 *\/\n.elementor-widget-text-editor.elementor-drop-cap-view-stacked .elementor-drop-cap{background-color:#69727d;color:#fff}.elementor-widget-text-editor.elementor-drop-cap-view-framed .elementor-drop-cap{color:#69727d;border:3px solid;background-color:transparent}.elementor-widget-text-editor:not(.elementor-drop-cap-view-default) .elementor-drop-cap{margin-top:8px}.elementor-widget-text-editor:not(.elementor-drop-cap-view-default) .elementor-drop-cap-letter{width:1em;height:1em}.elementor-widget-text-editor .elementor-drop-cap{float:left;text-align:center;line-height:1;font-size:50px}.elementor-widget-text-editor .elementor-drop-cap-letter{display:inline-block}<\/style>\t\t\t\t<!-- wp:image {\"id\":286,\"sizeSlug\":\"full\",\"linkDestination\":\"none\"} -->\n<figure class=\"wp-block-image size-full\"><img fetchpriority=\"high\" decoding=\"async\" width=\"600\" height=\"100\" class=\"wp-image-286\" src=\"http:\/\/fivmarilia.com.br\/wp-content\/uploads\/2023\/04\/QUEM-SOMOS.png\" alt=\"\" srcset=\"https:\/\/fivmarilia.com.br\/wp-content\/uploads\/2023\/04\/QUEM-SOMOS.png 600w, https:\/\/fivmarilia.com.br\/wp-content\/uploads\/2023\/04\/QUEM-SOMOS-300x50.png 300w\" sizes=\"(max-width: 600px) 100vw, 600px\" \/><\/figure>\n<!-- \/wp:image --><!-- wp:spacer {\"height\":\"50px\"} -->\n<div class=\"wp-block-spacer\" style=\"height: 50px;\" aria-hidden=\"true\">\u00a0<\/div>\n<!-- \/wp:spacer --><!-- wp:paragraph -->\n<p>O Centro de Reprodu\u00e7\u00e3o Humana FIV Mar\u00edlia foi concebido ap\u00f3s identificarmos uma necessidade premente na cidade de Marilia e regi\u00e3o no atendimento aos casais que t\u00eam dificuldades para conceber.<\/p>\n<!-- \/wp:paragraph --><!-- wp:paragraph -->\n<p>Estimamos que a cada ano em nossa regi\u00e3o, de pouco menos que um milh\u00e3o de habitantes, mais de mil casais passam por alguma dificuldade para engravidar e necessitam de algum tipo de tratamento.<\/p>\n<!-- \/wp:paragraph --><!-- wp:paragraph -->\n<p>At\u00e9 agora, estes casais eram for\u00e7ados a procurar ajuda em outras cidades, provocando deslocamentos frequentes, aumentando os custos e o desgaste emocional de quem j\u00e1 arca com o dif\u00edcil peso da infertilidade.<\/p>\n<!-- \/wp:paragraph --><!-- wp:paragraph -->\n<p>Pensando nestes casais e na car\u00eancia de um centro de ponta no tratamento da infertilidade em nossa regi\u00e3o, juntamos for\u00e7as e desenvolvemos o projeto corajoso de criar a FIV Mar\u00edlia, a primeira cl\u00ednica especializada em reprodu\u00e7\u00e3o humana de Mar\u00edlia. Trouxemos para a FIV Mar\u00edlia o que h\u00e1 de mais moderno em reprodu\u00e7\u00e3o assistida, equipamento e pessoal altamente qualificado: desde insemina\u00e7\u00e3o artificial at\u00e9 fertiliza\u00e7\u00e3o in vitro com diagn\u00f3stico gen\u00e9tico pr\u00e9 implantacional poder\u00e3o ser realizados em nosso laborat\u00f3rio.<\/p>\n<!-- \/wp:paragraph --><!-- wp:paragraph -->\n<p>Estamos s\u00f3 come\u00e7ando nossa hist\u00f3ria, mas temos certeza que a FIV Mar\u00edlia ajudar\u00e1 in\u00fameros casais de nossa regi\u00e3o a alcan\u00e7ar seu sonho e nos sentimos orgulhosos por isso!<\/p>\n<!-- \/wp:paragraph --><!-- wp:paragraph -->\n<p><strong><em>Equipe FIV Mar\u00edlia<\/em><\/strong><\/p>\n<!-- \/wp:paragraph --><!-- wp:image {\"id\":361,\"sizeSlug\":\"large\",\"linkDestination\":\"none\"} -->\n<figure class=\"wp-block-image size-large\"><\/figure>\n<!-- \/wp:image --><!-- wp:paragraph --><!-- \/wp:paragraph --><!-- wp:group {\"layout\":{\"type\":\"flex\",\"flexWrap\":\"nowrap\"}} --><!-- \/wp:buttons -->\t\t\t\t\t\t<\/div>\n\t\t\t\t<\/div>\n\t\t\t\t\t<\/div>\n\t\t<\/div>\n\t\t\t\t\t\t\t<\/div>\n\t\t<\/section>\n\t\t\t\t<section class=\"elementor-section elementor-top-section elementor-element elementor-element-734c073 elementor-section-boxed elementor-section-height-default elementor-section-height-default\" data-id=\"734c073\" data-element_type=\"section\">\n\t\t\t\t\t\t<div class=\"elementor-container elementor-column-gap-default\">\n\t\t\t\t\t<div class=\"elementor-column elementor-col-100 elementor-top-column elementor-element elementor-element-07720cf\" data-id=\"07720cf\" data-element_type=\"column\">\n\t\t\t<div class=\"elementor-widget-wrap elementor-element-populated\">\n\t\t\t\t\t\t\t\t<div class=\"elementor-element elementor-element-433a36f elementor-widget elementor-widget-image\" data-id=\"433a36f\" data-element_type=\"widget\" data-widget_type=\"image.default\">\n\t\t\t\t<div class=\"elementor-widget-container\">\n\t\t\t<style>\/*! elementor - v3.18.0 - 08-12-2023 *\/\n.elementor-widget-image{text-align:center}.elementor-widget-image a{display:inline-block}.elementor-widget-image a img[src$=\".svg\"]{width:48px}.elementor-widget-image img{vertical-align:middle;display:inline-block}<\/style>\t\t\t\t\t\t\t\t\t\t\t\t<img decoding=\"async\" width=\"640\" height=\"258\" src=\"https:\/\/fivmarilia.com.br\/wp-content\/uploads\/2023\/04\/MISSAO-VISAO-VALORES-1024x412.png\" class=\"attachment-large size-large wp-image-361\" alt=\"\" srcset=\"https:\/\/fivmarilia.com.br\/wp-content\/uploads\/2023\/04\/MISSAO-VISAO-VALORES-1024x412.png 1024w, https:\/\/fivmarilia.com.br\/wp-content\/uploads\/2023\/04\/MISSAO-VISAO-VALORES-300x121.png 300w, https:\/\/fivmarilia.com.br\/wp-content\/uploads\/2023\/04\/MISSAO-VISAO-VALORES-768x309.png 768w, https:\/\/fivmarilia.com.br\/wp-content\/uploads\/2023\/04\/MISSAO-VISAO-VALORES-1536x618.png 1536w, https:\/\/fivmarilia.com.br\/wp-content\/uploads\/2023\/04\/MISSAO-VISAO-VALORES-2048x823.png 2048w\" sizes=\"(max-width: 640px) 100vw, 640px\" \/>\t\t\t\t\t\t\t\t\t\t\t\t\t\t\t<\/div>\n\t\t\t\t<\/div>\n\t\t\t\t\t<\/div>\n\t\t<\/div>\n\t\t\t\t\t\t\t<\/div>\n\t\t<\/section>\n\t\t\t\t<section class=\"elementor-section elementor-top-section elementor-element elementor-element-1e0372f elementor-section-boxed elementor-section-height-default elementor-section-height-default\" data-id=\"1e0372f\" data-element_type=\"section\">\n\t\t\t\t\t\t<div class=\"elementor-container elementor-column-gap-default\">\n\t\t\t\t\t<div class=\"elementor-column elementor-col-100 elementor-top-column elementor-element elementor-element-6bd2ee5\" data-id=\"6bd2ee5\" data-element_type=\"column\">\n\t\t\t<div class=\"elementor-widget-wrap elementor-element-populated\">\n\t\t\t\t\t\t\t\t<div class=\"elementor-element elementor-element-a0440cd elementor-widget elementor-widget-spacer\" data-id=\"a0440cd\" data-element_type=\"widget\" data-widget_type=\"spacer.default\">\n\t\t\t\t<div class=\"elementor-widget-container\">\n\t\t\t<style>\/*! elementor - v3.18.0 - 08-12-2023 *\/\n.elementor-column .elementor-spacer-inner{height:var(--spacer-size)}.e-con{--container-widget-width:100%}.e-con-inner>.elementor-widget-spacer,.e-con>.elementor-widget-spacer{width:var(--container-widget-width,var(--spacer-size));--align-self:var(--container-widget-align-self,initial);--flex-shrink:0}.e-con-inner>.elementor-widget-spacer>.elementor-widget-container,.e-con>.elementor-widget-spacer>.elementor-widget-container{height:100%;width:100%}.e-con-inner>.elementor-widget-spacer>.elementor-widget-container>.elementor-spacer,.e-con>.elementor-widget-spacer>.elementor-widget-container>.elementor-spacer{height:100%}.e-con-inner>.elementor-widget-spacer>.elementor-widget-container>.elementor-spacer>.elementor-spacer-inner,.e-con>.elementor-widget-spacer>.elementor-widget-container>.elementor-spacer>.elementor-spacer-inner{height:var(--container-widget-height,var(--spacer-size))}.e-con-inner>.elementor-widget-spacer.elementor-widget-empty,.e-con>.elementor-widget-spacer.elementor-widget-empty{position:relative;min-height:22px;min-width:22px}.e-con-inner>.elementor-widget-spacer.elementor-widget-empty .elementor-widget-empty-icon,.e-con>.elementor-widget-spacer.elementor-widget-empty .elementor-widget-empty-icon{position:absolute;top:0;bottom:0;left:0;right:0;margin:auto;padding:0;width:22px;height:22px}<\/style>\t\t<div class=\"elementor-spacer\">\n\t\t\t<div class=\"elementor-spacer-inner\"><\/div>\n\t\t<\/div>\n\t\t\t\t<\/div>\n\t\t\t\t<\/div>\n\t\t\t\t\t<\/div>\n\t\t<\/div>\n\t\t\t\t\t\t\t<\/div>\n\t\t<\/section>\n\t\t\t\t<section class=\"elementor-section elementor-top-section elementor-element elementor-element-1c63c15 elementor-section-boxed elementor-section-height-default elementor-section-height-default\" data-id=\"1c63c15\" data-element_type=\"section\">\n\t\t\t\t\t\t<div class=\"elementor-container elementor-column-gap-default\">\n\t\t\t\t\t<div class=\"elementor-column elementor-col-100 elementor-top-column elementor-element elementor-element-fa83342\" data-id=\"fa83342\" data-element_type=\"column\">\n\t\t\t<div class=\"elementor-widget-wrap elementor-element-populated\">\n\t\t\t\t\t\t\t\t<div class=\"elementor-element elementor-element-5b75061 elementor-align-center elementor-widget elementor-widget-button\" data-id=\"5b75061\" data-element_type=\"widget\" data-widget_type=\"button.default\">\n\t\t\t\t<div class=\"elementor-widget-container\">\n\t\t\t\t\t<div class=\"elementor-button-wrapper\">\n\t\t\t<a class=\"elementor-button elementor-button-link elementor-size-sm\" href=\"http:\/\/fivmarilia.com.br\/\">\n\t\t\t\t\t\t<span class=\"elementor-button-content-wrapper\">\n\t\t\t\t\t\t<span class=\"elementor-button-icon elementor-align-icon-left\">\n\t\t\t\t<i aria-hidden=\"true\" class=\"fas fa-home\"><\/i>\t\t\t<\/span>\n\t\t\t\t\t\t<span class=\"elementor-button-text\">In\u00edcio<\/span>\n\t\t<\/span>\n\t\t\t\t\t<\/a>\n\t\t<\/div>\n\t\t\t\t<\/div>\n\t\t\t\t<\/div>\n\t\t\t\t\t<\/div>\n\t\t<\/div>\n\t\t\t\t\t\t\t<\/div>\n\t\t<\/section>\n\t\t\t\t\t\t\t<\/div>\n\t\t","protected":false},"excerpt":{"rendered":"<p>O Centro de Reprodu\u00e7\u00e3o Humana FIV Mar\u00edlia foi concebido ap\u00f3s identificarmos uma necessidade premente na cidade de Marilia e regi\u00e3o no atendimento aos casais que t\u00eam dificuldades para conceber. Estimamos que a cada ano em nossa regi\u00e3o, de pouco menos que um milh\u00e3o de habitantes, mais de mil casais passam por alguma dificuldade para engravidar<\/p>\n","protected":false},"author":1,"featured_media":0,"parent":0,"menu_order":0,"comment_status":"closed","ping_status":"closed","template":"","meta":{"_joinchat":[],"footnotes":""},"class_list":["post-200","page","type-page","status-publish","hentry"],"_links":{"self":[{"href":"https:\/\/fivmarilia.com.br\/index.php?rest_route=\/wp\/v2\/pages\/200","targetHints":{"allow":["GET"]}}],"collection":[{"href":"https:\/\/fivmarilia.com.br\/index.php?rest_route=\/wp\/v2\/pages"}],"about":[{"href":"https:\/\/fivmarilia.com.br\/index.php?rest_route=\/wp\/v2\/types\/page"}],"author":[{"embeddable":true,"href":"https:\/\/fivmarilia.com.br\/index.php?rest_route=\/wp\/v2\/users\/1"}],"replies":[{"embeddable":true,"href":"https:\/\/fivmarilia.com.br\/index.php?rest_route=%2Fwp%2Fv2%2Fcomments&post=200"}],"version-history":[{"count":31,"href":"https:\/\/fivmarilia.com.br\/index.php?rest_route=\/wp\/v2\/pages\/200\/revisions"}],"predecessor-version":[{"id":1276,"href":"https:\/\/fivmarilia.com.br\/index.php?rest_route=\/wp\/v2\/pages\/200\/revisions\/1276"}],"wp:attachment":[{"href":"https:\/\/fivmarilia.com.br\/index.php?rest_route=%2Fwp%2Fv2%2Fmedia&parent=200"}],"curies":[{"name":"wp","href":"https:\/\/api.w.org\/{rel}","templated":true}]}}