{"id":107,"date":"2023-04-11T11:52:55","date_gmt":"2023-04-11T14:52:55","guid":{"rendered":"http:\/\/fivmarilia.com.br\/?page_id=107"},"modified":"2025-07-15T12:25:04","modified_gmt":"2025-07-15T15:25:04","slug":"faq","status":"publish","type":"page","link":"https:\/\/fivmarilia.com.br\/?page_id=107","title":{"rendered":"FAQ"},"content":{"rendered":"\t\t<div data-elementor-type=\"wp-page\" data-elementor-id=\"107\" class=\"elementor elementor-107\">\n\t\t\t\t\t\t\t\t\t<section class=\"elementor-section elementor-top-section elementor-element elementor-element-20e05dd elementor-section-boxed elementor-section-height-default elementor-section-height-default\" data-id=\"20e05dd\" data-element_type=\"section\">\n\t\t\t\t\t\t<div class=\"elementor-container elementor-column-gap-default\">\n\t\t\t\t\t<div class=\"elementor-column elementor-col-100 elementor-top-column elementor-element elementor-element-b6d2e88\" data-id=\"b6d2e88\" data-element_type=\"column\">\n\t\t\t<div class=\"elementor-widget-wrap elementor-element-populated\">\n\t\t\t\t\t\t\t\t<div class=\"elementor-element elementor-element-5216baa elementor-widget elementor-widget-image\" data-id=\"5216baa\" data-element_type=\"widget\" data-widget_type=\"image.default\">\n\t\t\t\t<div class=\"elementor-widget-container\">\n\t\t\t<style>\/*! elementor - v3.18.0 - 08-12-2023 *\/\n.elementor-widget-image{text-align:center}.elementor-widget-image a{display:inline-block}.elementor-widget-image a img[src$=\".svg\"]{width:48px}.elementor-widget-image img{vertical-align:middle;display:inline-block}<\/style>\t\t\t\t\t\t\t\t\t\t\t\t<img fetchpriority=\"high\" decoding=\"async\" width=\"600\" height=\"100\" src=\"https:\/\/fivmarilia.com.br\/wp-content\/uploads\/2023\/04\/FAQ.png\" class=\"attachment-large size-large wp-image-333\" alt=\"\" srcset=\"https:\/\/fivmarilia.com.br\/wp-content\/uploads\/2023\/04\/FAQ.png 600w, https:\/\/fivmarilia.com.br\/wp-content\/uploads\/2023\/04\/FAQ-300x50.png 300w\" sizes=\"(max-width: 600px) 100vw, 600px\" \/>\t\t\t\t\t\t\t\t\t\t\t\t\t\t\t<\/div>\n\t\t\t\t<\/div>\n\t\t\t\t\t<\/div>\n\t\t<\/div>\n\t\t\t\t\t\t\t<\/div>\n\t\t<\/section>\n\t\t\t\t<section class=\"elementor-section elementor-top-section elementor-element elementor-element-54d132e elementor-section-boxed elementor-section-height-default elementor-section-height-default\" data-id=\"54d132e\" data-element_type=\"section\">\n\t\t\t\t\t\t<div class=\"elementor-container elementor-column-gap-default\">\n\t\t\t\t\t<div class=\"elementor-column elementor-col-100 elementor-top-column elementor-element elementor-element-0b3af39\" data-id=\"0b3af39\" data-element_type=\"column\">\n\t\t\t<div class=\"elementor-widget-wrap elementor-element-populated\">\n\t\t\t\t\t\t\t\t<div class=\"elementor-element elementor-element-3b66363 elementor-widget elementor-widget-text-editor\" data-id=\"3b66363\" data-element_type=\"widget\" data-widget_type=\"text-editor.default\">\n\t\t\t\t<div class=\"elementor-widget-container\">\n\t\t\t<style>\/*! elementor - v3.18.0 - 08-12-2023 *\/\n.elementor-widget-text-editor.elementor-drop-cap-view-stacked .elementor-drop-cap{background-color:#69727d;color:#fff}.elementor-widget-text-editor.elementor-drop-cap-view-framed .elementor-drop-cap{color:#69727d;border:3px solid;background-color:transparent}.elementor-widget-text-editor:not(.elementor-drop-cap-view-default) .elementor-drop-cap{margin-top:8px}.elementor-widget-text-editor:not(.elementor-drop-cap-view-default) .elementor-drop-cap-letter{width:1em;height:1em}.elementor-widget-text-editor .elementor-drop-cap{float:left;text-align:center;line-height:1;font-size:50px}.elementor-widget-text-editor .elementor-drop-cap-letter{display:inline-block}<\/style>\t\t\t\t<h4><strong>D\u00favidas e Respostas Frequentes<\/strong><\/h4>\n<p><!-- wp:paragraph --><\/p>\n<p>Separamos uma lista para esclarecer as principais d\u00favidas que recebemos, confira:<\/p>\t\t\t\t\t\t<\/div>\n\t\t\t\t<\/div>\n\t\t\t\t\t<\/div>\n\t\t<\/div>\n\t\t\t\t\t\t\t<\/div>\n\t\t<\/section>\n\t\t\t\t<section class=\"elementor-section elementor-top-section elementor-element elementor-element-8da0f65 elementor-section-boxed elementor-section-height-default elementor-section-height-default\" data-id=\"8da0f65\" data-element_type=\"section\">\n\t\t\t\t\t\t<div class=\"elementor-container elementor-column-gap-default\">\n\t\t\t\t\t<div class=\"elementor-column elementor-col-100 elementor-top-column elementor-element elementor-element-373d4e2\" data-id=\"373d4e2\" data-element_type=\"column\">\n\t\t\t<div class=\"elementor-widget-wrap elementor-element-populated\">\n\t\t\t\t\t\t\t\t<div class=\"elementor-element elementor-element-3f6461b elementor-widget elementor-widget-text-editor\" data-id=\"3f6461b\" data-element_type=\"widget\" data-widget_type=\"text-editor.default\">\n\t\t\t\t<div class=\"elementor-widget-container\">\n\t\t\t\t\t\t\t<p><strong>1. <\/strong><b>A Infertilidade afeta muitos casais?<\/b><\/p>\n<p><em>Estes dados variam na literatura dependendo do pa\u00eds onde foi publicado. Por\u00e9m, de forma geral, a esterilidade conjugal atinge cerca de 15% dos casais em idade reprodutiva.<\/em><\/p>\t\t\t\t\t\t<\/div>\n\t\t\t\t<\/div>\n\t\t\t\t\t<\/div>\n\t\t<\/div>\n\t\t\t\t\t\t\t<\/div>\n\t\t<\/section>\n\t\t\t\t<section class=\"elementor-section elementor-top-section elementor-element elementor-element-f4e35a3 elementor-section-boxed elementor-section-height-default elementor-section-height-default\" data-id=\"f4e35a3\" data-element_type=\"section\">\n\t\t\t\t\t\t<div class=\"elementor-container elementor-column-gap-default\">\n\t\t\t\t\t<div class=\"elementor-column elementor-col-100 elementor-top-column elementor-element elementor-element-5fefaae\" data-id=\"5fefaae\" data-element_type=\"column\">\n\t\t\t<div class=\"elementor-widget-wrap elementor-element-populated\">\n\t\t\t\t\t\t\t\t<div class=\"elementor-element elementor-element-466789c elementor-widget elementor-widget-text-editor\" data-id=\"466789c\" data-element_type=\"widget\" data-widget_type=\"text-editor.default\">\n\t\t\t\t<div class=\"elementor-widget-container\">\n\t\t\t\t\t\t\t<p><strong>2. Quais s\u00e3o as causas de Infertilidade?<\/strong><\/p>\n<p><em>Podem ser tanto de car\u00e1ter social como cl\u00ednico. Entre as primeiras, podemos citar a idade avan\u00e7ada e as consequ\u00eancias devido ao estilo de vida das pessoas (obesidade, tabagismo, \u00e1lcool, drogas e excesso de trabalho).<\/em><\/p>\n<p><em>As principais causas cl\u00ednicas s\u00e3o: fatores masculinos (40%), fatores tub\u00e1rios e endometriose (25%), fatores ovarinos (25%), fatores associados (20%), infertilidade sem causa aparente (10%). Miomas e p\u00f3lipos uterinos s\u00e3o causas raras de infertilidade conjugal e est\u00e3o mais relacionados aos abortamentos.<\/em><\/p>\t\t\t\t\t\t<\/div>\n\t\t\t\t<\/div>\n\t\t\t\t\t<\/div>\n\t\t<\/div>\n\t\t\t\t\t\t\t<\/div>\n\t\t<\/section>\n\t\t\t\t<section class=\"elementor-section elementor-top-section elementor-element elementor-element-ef29e10 elementor-section-boxed elementor-section-height-default elementor-section-height-default\" data-id=\"ef29e10\" data-element_type=\"section\">\n\t\t\t\t\t\t<div class=\"elementor-container elementor-column-gap-default\">\n\t\t\t\t\t<div class=\"elementor-column elementor-col-100 elementor-top-column elementor-element elementor-element-16d2999\" data-id=\"16d2999\" data-element_type=\"column\">\n\t\t\t<div class=\"elementor-widget-wrap elementor-element-populated\">\n\t\t\t\t\t\t\t\t<div class=\"elementor-element elementor-element-5957ae7 elementor-widget elementor-widget-text-editor\" data-id=\"5957ae7\" data-element_type=\"widget\" data-widget_type=\"text-editor.default\">\n\t\t\t\t<div class=\"elementor-widget-container\">\n\t\t\t\t\t\t\t<p><strong>3. <\/strong><b>Os fatores ps\u00edquicos podem provocar a infertilidade?<\/b><\/p>\n<p>N\u00e3o sabemos qual a influ\u00eancia que os transtornos emocionais podem ter na reprodu\u00e7\u00e3o. o stress associado \u00e0 reprodu\u00e7\u00e3o deve ser tratado porque diminui a qualidade de vida do casal.<\/p>\t\t\t\t\t\t<\/div>\n\t\t\t\t<\/div>\n\t\t\t\t\t<\/div>\n\t\t<\/div>\n\t\t\t\t\t\t\t<\/div>\n\t\t<\/section>\n\t\t\t\t<section class=\"elementor-section elementor-top-section elementor-element elementor-element-aa31446 elementor-section-boxed elementor-section-height-default elementor-section-height-default\" data-id=\"aa31446\" data-element_type=\"section\">\n\t\t\t\t\t\t<div class=\"elementor-container elementor-column-gap-default\">\n\t\t\t\t\t<div class=\"elementor-column elementor-col-100 elementor-top-column elementor-element elementor-element-b936b53\" data-id=\"b936b53\" data-element_type=\"column\">\n\t\t\t<div class=\"elementor-widget-wrap elementor-element-populated\">\n\t\t\t\t\t\t\t\t<div class=\"elementor-element elementor-element-07d15a1 elementor-widget elementor-widget-text-editor\" data-id=\"07d15a1\" data-element_type=\"widget\" data-widget_type=\"text-editor.default\">\n\t\t\t\t<div class=\"elementor-widget-container\">\n\t\t\t\t\t\t\t<p><strong>4. <\/strong><b>Quando afeta a fertilidade feminina?<\/b><\/p>\n<p><em>A maturidade f\u00edsica e ps\u00edquica da mulher faz com que a idade ideal para ter filhos seja entre os 20 e 30 anos. mas, hoje em dia, as mulheres decidem ter filhos tardiamente, devido em grande parte \u00e0 integra\u00e7\u00e3o no mercado de trabalho. a partir dos 35 anos a fertilidade feminina diminui sensivelmente e a partir dos 45 a possibilidade de gravidez \u00e9 excepcional.<\/em><\/p>\t\t\t\t\t\t<\/div>\n\t\t\t\t<\/div>\n\t\t\t\t\t<\/div>\n\t\t<\/div>\n\t\t\t\t\t\t\t<\/div>\n\t\t<\/section>\n\t\t\t\t<section class=\"elementor-section elementor-top-section elementor-element elementor-element-5f4383f elementor-section-boxed elementor-section-height-default elementor-section-height-default\" data-id=\"5f4383f\" data-element_type=\"section\">\n\t\t\t\t\t\t<div class=\"elementor-container elementor-column-gap-default\">\n\t\t\t\t\t<div class=\"elementor-column elementor-col-100 elementor-top-column elementor-element elementor-element-2200fac\" data-id=\"2200fac\" data-element_type=\"column\">\n\t\t\t<div class=\"elementor-widget-wrap elementor-element-populated\">\n\t\t\t\t\t\t\t\t<div class=\"elementor-element elementor-element-33a7c44 elementor-widget elementor-widget-text-editor\" data-id=\"33a7c44\" data-element_type=\"widget\" data-widget_type=\"text-editor.default\">\n\t\t\t\t<div class=\"elementor-widget-container\">\n\t\t\t\t\t\t\t<p><strong>5. <\/strong><b>Quem costuma ser respons\u00e1vel pela infertilidade? O homem ou a mulher?<\/b><\/p>\n<p>Em 40% dos casos, o fator masculino \u00e9 respons\u00e1vel pela infertilidade conjugal: altera\u00e7\u00f5es testiculares, obstru\u00e7\u00e3o dos ductos, afec\u00e7\u00f5es da pr\u00f3stata ou do epid\u00eddimo, altera\u00e7\u00f5es na ejacula\u00e7\u00e3o ou ere\u00e7\u00e3o e uso de medicamentos e drogas. estas altera\u00e7\u00f5es, de alguma forma, alteram a qualidade seminal (concentra\u00e7\u00e3o, motilidade ou morfologia dos espermatozoides) e tamb\u00e9m podem levar a altera\u00e7\u00e3o na fita do DNA que o espermatozoide carrega (fragmenta\u00e7\u00e3o do DNA). outros 40% devem-se a causas femininas como: menopausa precoce, endometriose, obstru\u00e7\u00f5es ou les\u00f5es das tubas uterinas, anomalias uterinas ou problemas ovulat\u00f3rios (como a s\u00edndrome dos ov\u00e1rios polic\u00edsticos). os 20% restantes devem-se a causas desconhecidas ou combinadas, em que tanto a mulher quanto o homem apresentam altera\u00e7\u00f5es que dificultam a gravidez. n\u00f3s preferimos falar sempre das causas conjugais porque, n\u00e3o importa qual o problema, a colabora\u00e7\u00e3o dos dois membros \u00e9 fundamental.<\/p>\t\t\t\t\t\t<\/div>\n\t\t\t\t<\/div>\n\t\t\t\t\t<\/div>\n\t\t<\/div>\n\t\t\t\t\t\t\t<\/div>\n\t\t<\/section>\n\t\t\t\t<section class=\"elementor-section elementor-top-section elementor-element elementor-element-cdb36ee elementor-section-boxed elementor-section-height-default elementor-section-height-default\" data-id=\"cdb36ee\" data-element_type=\"section\">\n\t\t\t\t\t\t<div class=\"elementor-container elementor-column-gap-default\">\n\t\t\t\t\t<div class=\"elementor-column elementor-col-100 elementor-top-column elementor-element elementor-element-27540ae\" data-id=\"27540ae\" data-element_type=\"column\">\n\t\t\t<div class=\"elementor-widget-wrap elementor-element-populated\">\n\t\t\t\t\t\t\t\t<div class=\"elementor-element elementor-element-5e7b790 elementor-widget elementor-widget-text-editor\" data-id=\"5e7b790\" data-element_type=\"widget\" data-widget_type=\"text-editor.default\">\n\t\t\t\t<div class=\"elementor-widget-container\">\n\t\t\t\t\t\t\t<p><strong>6. Como se faz o c\u00e1lculo do per\u00edodo f\u00e9rtil?<\/strong><\/p>\n<p><em>Pressupondo um ciclo menstrual normal de 24 \u2013 38 dias, a ovula\u00e7\u00e3o ocorrer\u00e1 14 dias antes da pr\u00f3xima menstrua\u00e7\u00e3o.<\/em><\/p>\n<p><em>24 horas depois da ovula\u00e7\u00e3o, verifica-se uma eleva\u00e7\u00e3o a temperatura basal de 1\u00b0c. este sinal \u00e9 a base do m\u00e9todo de controle da ovula\u00e7\u00e3o, apesar de n\u00e3o ser um m\u00e9todo muito pr\u00e1tico. Por volta do per\u00edodo ovulat\u00f3rio, a observa\u00e7\u00e3o dos sinais secund\u00e1rios da ovula\u00e7\u00e3o \u00e9 importante, pois auxilia na detec\u00e7\u00e3o do per\u00edodo f\u00e9rtil. Neste per\u00edodo, a mulher pode perceber que a lubrifica\u00e7\u00e3o vaginal aumenta (o muco cervical fica filante, semelhante \u00e0 clara de ovo) e o momento a ovula\u00e7\u00e3o pode sentir dor tipo c\u00f3lica (leve).<\/em><\/p>\t\t\t\t\t\t<\/div>\n\t\t\t\t<\/div>\n\t\t\t\t\t<\/div>\n\t\t<\/div>\n\t\t\t\t\t\t\t<\/div>\n\t\t<\/section>\n\t\t\t\t<section class=\"elementor-section elementor-top-section elementor-element elementor-element-4c74aaf elementor-section-boxed elementor-section-height-default elementor-section-height-default\" data-id=\"4c74aaf\" data-element_type=\"section\">\n\t\t\t\t\t\t<div class=\"elementor-container elementor-column-gap-default\">\n\t\t\t\t\t<div class=\"elementor-column elementor-col-100 elementor-top-column elementor-element elementor-element-eeab936\" data-id=\"eeab936\" data-element_type=\"column\">\n\t\t\t<div class=\"elementor-widget-wrap elementor-element-populated\">\n\t\t\t\t\t\t\t\t<div class=\"elementor-element elementor-element-3d14293 elementor-widget elementor-widget-text-editor\" data-id=\"3d14293\" data-element_type=\"widget\" data-widget_type=\"text-editor.default\">\n\t\t\t\t<div class=\"elementor-widget-container\">\n\t\t\t\t\t\t\t<p><strong>7. <\/strong><b>Qual a frequ\u00eancia com que se devem manter as rela\u00e7\u00f5es sexuais para engravidar?<\/b><\/p>\n<p><em>Logo ap\u00f3s a ovula\u00e7\u00e3o, o \u00f3vulo permanece vi\u00e1vel para ser fertilizado na tuba uterina por, aproximadamente 24 horas, e \u00e9 s\u00f3 durante esse per\u00edodo que pode ser fecundado pelos espermatozoides, cujo pode ser fecundante 48 horas. o ideal para um casal conseguir uma gravidez, seria manter rela\u00e7\u00f5es sexuais 2-3 vezes por semana, assim, todo per\u00edodo f\u00e9rtil estar\u00e1 coberto.<\/em><\/p>\t\t\t\t\t\t<\/div>\n\t\t\t\t<\/div>\n\t\t\t\t\t<\/div>\n\t\t<\/div>\n\t\t\t\t\t\t\t<\/div>\n\t\t<\/section>\n\t\t\t\t<section class=\"elementor-section elementor-top-section elementor-element elementor-element-57d9899 elementor-section-boxed elementor-section-height-default elementor-section-height-default\" data-id=\"57d9899\" data-element_type=\"section\">\n\t\t\t\t\t\t<div class=\"elementor-container elementor-column-gap-default\">\n\t\t\t\t\t<div class=\"elementor-column elementor-col-100 elementor-top-column elementor-element elementor-element-9a0ede1\" data-id=\"9a0ede1\" data-element_type=\"column\">\n\t\t\t<div class=\"elementor-widget-wrap elementor-element-populated\">\n\t\t\t\t\t\t\t\t<div class=\"elementor-element elementor-element-7863009 elementor-widget elementor-widget-text-editor\" data-id=\"7863009\" data-element_type=\"widget\" data-widget_type=\"text-editor.default\">\n\t\t\t\t<div class=\"elementor-widget-container\">\n\t\t\t\t\t\t\t<p><strong>8. <\/strong><b>At\u00e9 que idade os homens e as mulheres podem ter filhos?<\/b><\/p>\n<p><em>N\u00e3o h\u00e1 uma idade limite que impe\u00e7a um casal a procurar a gravidez. \u00c9 uma situa\u00e7\u00e3o muito particular de cada casal.<\/em><\/p>\n<p><em>Entre outras coisas, depende da sa\u00fade e do bem-estar f\u00edsico de cada um.<\/em><\/p>\t\t\t\t\t\t<\/div>\n\t\t\t\t<\/div>\n\t\t\t\t\t<\/div>\n\t\t<\/div>\n\t\t\t\t\t\t\t<\/div>\n\t\t<\/section>\n\t\t\t\t<section class=\"elementor-section elementor-top-section elementor-element elementor-element-9f508de elementor-section-boxed elementor-section-height-default elementor-section-height-default\" data-id=\"9f508de\" data-element_type=\"section\">\n\t\t\t\t\t\t<div class=\"elementor-container elementor-column-gap-default\">\n\t\t\t\t\t<div class=\"elementor-column elementor-col-100 elementor-top-column elementor-element elementor-element-1d5b637\" data-id=\"1d5b637\" data-element_type=\"column\">\n\t\t\t<div class=\"elementor-widget-wrap elementor-element-populated\">\n\t\t\t\t\t\t\t\t<div class=\"elementor-element elementor-element-a81a41f elementor-widget elementor-widget-spacer\" data-id=\"a81a41f\" data-element_type=\"widget\" data-widget_type=\"spacer.default\">\n\t\t\t\t<div class=\"elementor-widget-container\">\n\t\t\t<style>\/*! elementor - v3.18.0 - 08-12-2023 *\/\n.elementor-column .elementor-spacer-inner{height:var(--spacer-size)}.e-con{--container-widget-width:100%}.e-con-inner>.elementor-widget-spacer,.e-con>.elementor-widget-spacer{width:var(--container-widget-width,var(--spacer-size));--align-self:var(--container-widget-align-self,initial);--flex-shrink:0}.e-con-inner>.elementor-widget-spacer>.elementor-widget-container,.e-con>.elementor-widget-spacer>.elementor-widget-container{height:100%;width:100%}.e-con-inner>.elementor-widget-spacer>.elementor-widget-container>.elementor-spacer,.e-con>.elementor-widget-spacer>.elementor-widget-container>.elementor-spacer{height:100%}.e-con-inner>.elementor-widget-spacer>.elementor-widget-container>.elementor-spacer>.elementor-spacer-inner,.e-con>.elementor-widget-spacer>.elementor-widget-container>.elementor-spacer>.elementor-spacer-inner{height:var(--container-widget-height,var(--spacer-size))}.e-con-inner>.elementor-widget-spacer.elementor-widget-empty,.e-con>.elementor-widget-spacer.elementor-widget-empty{position:relative;min-height:22px;min-width:22px}.e-con-inner>.elementor-widget-spacer.elementor-widget-empty .elementor-widget-empty-icon,.e-con>.elementor-widget-spacer.elementor-widget-empty .elementor-widget-empty-icon{position:absolute;top:0;bottom:0;left:0;right:0;margin:auto;padding:0;width:22px;height:22px}<\/style>\t\t<div class=\"elementor-spacer\">\n\t\t\t<div class=\"elementor-spacer-inner\"><\/div>\n\t\t<\/div>\n\t\t\t\t<\/div>\n\t\t\t\t<\/div>\n\t\t\t\t\t<\/div>\n\t\t<\/div>\n\t\t\t\t\t\t\t<\/div>\n\t\t<\/section>\n\t\t\t\t<section class=\"elementor-section elementor-top-section elementor-element elementor-element-884862d elementor-section-boxed elementor-section-height-default elementor-section-height-default\" data-id=\"884862d\" data-element_type=\"section\">\n\t\t\t\t\t\t<div class=\"elementor-container elementor-column-gap-default\">\n\t\t\t\t\t<div class=\"elementor-column elementor-col-100 elementor-top-column elementor-element elementor-element-16ec8f2\" data-id=\"16ec8f2\" data-element_type=\"column\">\n\t\t\t<div class=\"elementor-widget-wrap elementor-element-populated\">\n\t\t\t\t\t\t\t\t<div class=\"elementor-element elementor-element-baf9e99 elementor-align-center elementor-widget elementor-widget-button\" data-id=\"baf9e99\" data-element_type=\"widget\" data-widget_type=\"button.default\">\n\t\t\t\t<div class=\"elementor-widget-container\">\n\t\t\t\t\t<div class=\"elementor-button-wrapper\">\n\t\t\t<a class=\"elementor-button elementor-button-link elementor-size-sm\" href=\"https:\/\/fivmarilia.com.br\/\">\n\t\t\t\t\t\t<span class=\"elementor-button-content-wrapper\">\n\t\t\t\t\t\t<span class=\"elementor-button-icon elementor-align-icon-left\">\n\t\t\t\t<i aria-hidden=\"true\" class=\"fas fa-home\"><\/i>\t\t\t<\/span>\n\t\t\t\t\t\t<span class=\"elementor-button-text\">In\u00edcio<\/span>\n\t\t<\/span>\n\t\t\t\t\t<\/a>\n\t\t<\/div>\n\t\t\t\t<\/div>\n\t\t\t\t<\/div>\n\t\t\t\t\t<\/div>\n\t\t<\/div>\n\t\t\t\t\t\t\t<\/div>\n\t\t<\/section>\n\t\t\t\t\t\t\t<\/div>\n\t\t","protected":false},"excerpt":{"rendered":"<p>D\u00favidas e Respostas Frequentes Separamos uma lista para esclarecer as principais d\u00favidas que recebemos, confira: 1. A Infertilidade afeta muitos casais? Estes dados variam na literatura dependendo do pa\u00eds onde foi publicado. Por\u00e9m, de forma geral, a esterilidade conjugal atinge cerca de 15% dos casais em idade reprodutiva. 2. Quais s\u00e3o as causas de Infertilidade?<\/p>\n","protected":false},"author":1,"featured_media":0,"parent":0,"menu_order":0,"comment_status":"closed","ping_status":"closed","template":"","meta":{"_joinchat":[],"footnotes":""},"class_list":["post-107","page","type-page","status-publish","hentry"],"_links":{"self":[{"href":"https:\/\/fivmarilia.com.br\/index.php?rest_route=\/wp\/v2\/pages\/107","targetHints":{"allow":["GET"]}}],"collection":[{"href":"https:\/\/fivmarilia.com.br\/index.php?rest_route=\/wp\/v2\/pages"}],"about":[{"href":"https:\/\/fivmarilia.com.br\/index.php?rest_route=\/wp\/v2\/types\/page"}],"author":[{"embeddable":true,"href":"https:\/\/fivmarilia.com.br\/index.php?rest_route=\/wp\/v2\/users\/1"}],"replies":[{"embeddable":true,"href":"https:\/\/fivmarilia.com.br\/index.php?rest_route=%2Fwp%2Fv2%2Fcomments&post=107"}],"version-history":[{"count":35,"href":"https:\/\/fivmarilia.com.br\/index.php?rest_route=\/wp\/v2\/pages\/107\/revisions"}],"predecessor-version":[{"id":1322,"href":"https:\/\/fivmarilia.com.br\/index.php?rest_route=\/wp\/v2\/pages\/107\/revisions\/1322"}],"wp:attachment":[{"href":"https:\/\/fivmarilia.com.br\/index.php?rest_route=%2Fwp%2Fv2%2Fmedia&parent=107"}],"curies":[{"name":"wp","href":"https:\/\/api.w.org\/{rel}","templated":true}]}}